{"id":9256,"date":"2024-03-03T20:32:54","date_gmt":"2024-03-04T02:32:54","guid":{"rendered":"https:\/\/fuersamx.org\/?page_id=9256"},"modified":"2024-03-03T20:43:40","modified_gmt":"2024-03-04T02:43:40","slug":"terminos-de-uso","status":"publish","type":"page","link":"https:\/\/fuersamx.org\/en\/terminos-de-uso\/","title":{"rendered":"terms of use"},"content":{"rendered":"<div data-elementor-type=\"wp-page\" data-elementor-id=\"9256\" class=\"elementor elementor-9256\" data-elementor-post-type=\"page\">\n\t\t\t\t\t\t<section class=\"elementor-section elementor-top-section elementor-element elementor-element-7f3eba59 elementor-section-boxed elementor-section-height-default elementor-section-height-default\" data-id=\"7f3eba59\" data-element_type=\"section\">\n\t\t\t\t\t\t<div class=\"elementor-container elementor-column-gap-default\">\n\t\t\t\t\t<div class=\"elementor-column elementor-col-100 elementor-top-column elementor-element elementor-element-4c4ffc05\" data-id=\"4c4ffc05\" data-element_type=\"column\">\n\t\t\t<div class=\"elementor-widget-wrap elementor-element-populated\">\n\t\t\t\t\t\t<div class=\"elementor-element elementor-element-53211851 elementor-widget elementor-widget-text-editor\" data-id=\"53211851\" data-element_type=\"widget\" data-settings=\"{&quot;ekit_we_effect_on&quot;:&quot;none&quot;}\" data-widget_type=\"text-editor.default\">\n\t\t\t\t<div class=\"elementor-widget-container\">\n\t\t\t\t\t\t\t\t\t<p><strong>Terms of use<\/strong><\/p>\n<p>Welcome to FUERSAMX. These terms of use govern your use of our website. By accessing and using this website, you agree to comply with and be bound by these terms of use. If you do not agree with any of these terms, please do not use our website.<\/p>\n<p><strong>1. Use of the Website<\/strong><\/p>\n<ul>\n<li>The content of this website is for your general information and personal use only.<\/li>\n<li>You agree not to use this website in any way that could cause damage, interference, or disruption of the website.<\/li>\n<li>We reserve the right to change, modify, suspend or remove any part of this website at any time without notice.<\/li>\n<\/ul>\n<p><strong>2. Intellectual Property<\/strong><\/p>\n<ul>\n<li>All content included on this website, such as text, graphics, logos, images, videos and software, is protected by intellectual property laws and is the property of FUERSA or third-party licensors.<\/li>\n<li>You may not reproduce, distribute, modify, transmit, publish, display or sell any content on this website without our prior written consent.<\/li>\n<\/ul>\n<p><strong>3. Links to Other Websites<\/strong><\/p>\n<ul>\n<li>This website may contain links to third party websites which are not under our control. We are not responsible for the content, privacy policies or other practices of third-party websites.<\/li>\n<li>The inclusion of any link does not necessarily imply a recommendation or endorsement thereof.<\/li>\n<\/ul>\n<p><strong>4. Limitation of Liability<\/strong><\/p>\n<ul>\n<li>This website is provided \u201cas is\u201d and \u201cas available\u201d. We make no warranties of any kind, express or implied, regarding the operation of this website or the information, content, materials or products included herein.<\/li>\n<li>We will not be liable for any direct, indirect, incidental, special, consequential or punitive damages arising from the use of this website or any information, content, materials or products included herein.<\/li>\n<\/ul>\n<p><strong>5. Changes to the Terms of Use<\/strong><\/p>\n<p>We reserve the right to update, modify or change these terms of use at any time without prior notice. It is recommended that you periodically review this page to be aware of any changes. Your continued use of this website following the posting of any changes will constitute your acceptance of those changes.<\/p>\n<p>If you have any questions about these terms of use, please contact us at hola@solucionesgcm.com.<\/p>\n<p>Last update date: 03-02-2024<\/p>\n\t\t\t\t\t\t\t\t<\/div>\n\t\t\t\t<\/div>\n\t\t\t\t\t<\/div>\n\t\t<\/div>\n\t\t\t\t\t<\/div>\n\t\t<\/section>\n\t\t\t\t<\/div>","protected":false},"excerpt":{"rendered":"<p>T\u00e9rminos de Uso Bienvenido a FUERSAMX. Estos t\u00e9rminos de uso rigen el uso de nuestro sitio web. Al acceder y utilizar este sitio web, usted acepta cumplir y estar sujeto a estos t\u00e9rminos de uso. Si no est\u00e1 de acuerdo con alguno de estos t\u00e9rminos, por favor no utilice nuestro sitio web. 1. Uso del [&hellip;]<\/p>","protected":false},"author":1,"featured_media":0,"parent":0,"menu_order":0,"comment_status":"closed","ping_status":"closed","template":"","meta":{"give_campaign_id":0,"footnotes":""},"class_list":["post-9256","page","type-page","status-publish","hentry"],"campaignId":"","_links":{"self":[{"href":"https:\/\/fuersamx.org\/en\/wp-json\/wp\/v2\/pages\/9256","targetHints":{"allow":["GET"]}}],"collection":[{"href":"https:\/\/fuersamx.org\/en\/wp-json\/wp\/v2\/pages"}],"about":[{"href":"https:\/\/fuersamx.org\/en\/wp-json\/wp\/v2\/types\/page"}],"author":[{"embeddable":true,"href":"https:\/\/fuersamx.org\/en\/wp-json\/wp\/v2\/users\/1"}],"replies":[{"embeddable":true,"href":"https:\/\/fuersamx.org\/en\/wp-json\/wp\/v2\/comments?post=9256"}],"version-history":[{"count":3,"href":"https:\/\/fuersamx.org\/en\/wp-json\/wp\/v2\/pages\/9256\/revisions"}],"predecessor-version":[{"id":9259,"href":"https:\/\/fuersamx.org\/en\/wp-json\/wp\/v2\/pages\/9256\/revisions\/9259"}],"wp:attachment":[{"href":"https:\/\/fuersamx.org\/en\/wp-json\/wp\/v2\/media?parent=9256"}],"curies":[{"name":"wp","href":"https:\/\/api.w.org\/{rel}","templated":true}]}}